{"id":1723,"date":"2020-12-02T14:13:54","date_gmt":"2020-12-02T13:13:54","guid":{"rendered":"https:\/\/boefbandito.com\/?page_id=1723"},"modified":"2020-12-03T17:18:15","modified_gmt":"2020-12-03T16:18:15","slug":"persoonsgegevens","status":"publish","type":"page","link":"https:\/\/boefbandito.com\/nl\/persoonsgegevens\/","title":{"rendered":"Persoonsgegevens"},"content":{"rendered":"<div class=\"wp-block-group\"><div class=\"wp-block-group__inner-container is-layout-flow wp-block-group-is-layout-flow\">\n<div class=\"wp-block-group alignfull\"><div class=\"wp-block-group__inner-container is-layout-flow wp-block-group-is-layout-flow\">\n<h2 class=\"wp-block-heading\">Persoonlijke informatie<\/h2>\n\n\n\n<p>Op deze pagina vind je mijn paspoortgegevens en reisgeschiedenis.<\/p>\n\n\n\n<div style=\"height:100px\" aria-hidden=\"true\" class=\"wp-block-spacer\"><\/div>\n\n\n\n<div class=\"wp-block-columns is-layout-flex wp-container-core-columns-is-layout-9d6595d7 wp-block-columns-is-layout-flex\">\n<div class=\"wp-block-column is-layout-flow wp-block-column-is-layout-flow\">\n<h2 class=\"has-text-align-center wp-block-heading\">Paspoort<\/h2>\n\n\n\n<div class=\"wp-block-image\"><figure class=\"aligncenter size-large is-resized\"><img loading=\"lazy\" decoding=\"async\" src=\"https:\/\/boefbandito.com\/wp-content\/uploads\/2020\/02\/boefbandito-maten-nl.png\" alt=\"BoefBandito opmeten\" class=\"wp-image-1467\" width=\"400\" height=\"400\" srcset=\"https:\/\/boefbandito.com\/wp-content\/uploads\/2020\/02\/boefbandito-maten-nl.png 800w, https:\/\/boefbandito.com\/wp-content\/uploads\/2020\/02\/boefbandito-maten-nl-300x300.png 300w, https:\/\/boefbandito.com\/wp-content\/uploads\/2020\/02\/boefbandito-maten-nl-150x150.png 150w, https:\/\/boefbandito.com\/wp-content\/uploads\/2020\/02\/boefbandito-maten-nl-768x768.png 768w, https:\/\/boefbandito.com\/wp-content\/uploads\/2020\/02\/boefbandito-maten-nl-100x100.png 100w\" sizes=\"auto, (max-width: 400px) 100vw, 400px\" \/><\/figure><\/div>\n\n\n\n<p>Ik ben 22 cm lang en 15cm breed.<br>Mijn gewicht is 750 gram<br>Ik heb zwarte ogen <br>Ik heb geen haar.<\/p>\n\n\n\n<p id=\"block-936351c6-f033-4da2-991a-590bd1f2f97b\">Mijn Buikje is gevuld met gierst en lavendel. Daardoor ruik ik lekker en de lavendel heeft een kalmerend effect op mensen.<\/p>\n\n\n\n<p id=\"block-3a1fcdd2-adf8-4d95-a9a8-92a95a3c81c1\">Je kunt mij in de magnetron of oven opwarmen, dan ben ik een lekker warm kruikje.&nbsp;Ook kan ik tijdens warme zomerdagen voor verkoeling zorgen.<\/p>\n\n\n\n<p id=\"block-a499dd4b-7667-435c-b23e-af9a857c67fc\">Mensen gebruiken mij om hun kleintje warm te houden, zere spieren en\/of nek te verwarmen, en onder andere ouderen krijgen een fijn gevoel door het gezelschap dat ik ze breng.<\/p>\n<\/div>\n\n\n\n<div class=\"wp-block-column is-layout-flow wp-block-column-is-layout-flow\">\n<h2 class=\"has-text-align-center wp-block-heading\">Reiservaring<\/h2>\n\n\n\n<div class=\"wp-block-image\"><figure class=\"aligncenter size-large\"><img loading=\"lazy\" decoding=\"async\" width=\"427\" height=\"486\" src=\"https:\/\/boefbandito.com\/wp-content\/uploads\/2020\/02\/BoefBandito-airplane-color.png\" alt=\"\" class=\"wp-image-1446\" srcset=\"https:\/\/boefbandito.com\/wp-content\/uploads\/2020\/02\/BoefBandito-airplane-color.png 427w, https:\/\/boefbandito.com\/wp-content\/uploads\/2020\/02\/BoefBandito-airplane-color-264x300.png 264w, https:\/\/boefbandito.com\/wp-content\/uploads\/2020\/02\/BoefBandito-airplane-color-300x341.png 300w\" sizes=\"auto, (max-width: 427px) 100vw, 427px\" \/><\/figure><\/div>\n\n\n\n<p id=\"block-155d9052-414c-43b8-9a99-bec9b4c1e6ff\">Een van mijn favoriete dingen om te doen is reizen. Zo maak je elke keer nieuwe dingen mee en ontmoet je nieuwe mensen.<br><br>In <strong>Europa<\/strong> heb ik de volgende landen bezocht, in alfabetische volgorde:<\/p>\n\n\n\n<p id=\"block-038f0e08-d01b-45d1-bf50-edddfa230a7e\"><em><strong>Belgi\u00eb, Denemarken, Duitsland, Engeland, Frankrijk, Griekenland, Itali\u00eb, Luxemburg, Monaco, Nederland, Oostenrijk, Roemeni\u00eb, Schotland, Spanje, Tsjechi\u00eb, Zweden<\/strong><\/em>.<br><br>Buiten Europa heb ik de volgende landen bezocht, in alfabetische volgorde:<\/p>\n\n\n\n<p id=\"block-a862f6cf-32b8-44ec-8093-e2fdda21b77f\"><strong><em>Canada, Costa Rica, Kazachstan, Maleisi\u00eb, Panama en Singapore.<\/em><\/strong><\/p>\n<\/div>\n<\/div>\n\n\n\n<p><\/p>\n<\/div><\/div>\n\n\n\n<div class=\"wp-block-group\"><div class=\"wp-block-group__inner-container is-layout-flow wp-block-group-is-layout-flow\">\n<div style=\"height:50px\" aria-hidden=\"true\" class=\"wp-block-spacer\"><\/div>\n\n\n\n<p>Deze landen heb ik al bezocht:<\/p>\n\n\n\n<div class=\"wp-block-image\"><figure class=\"aligncenter size-large\"><img loading=\"lazy\" decoding=\"async\" width=\"600\" height=\"372\" src=\"https:\/\/boefbandito.com\/wp-content\/uploads\/2019\/11\/mymap.jpg\" alt=\"Boefbandito-worldwide-visited-countries\" class=\"wp-image-1170\" srcset=\"https:\/\/boefbandito.com\/wp-content\/uploads\/2019\/11\/mymap.jpg 600w, https:\/\/boefbandito.com\/wp-content\/uploads\/2019\/11\/mymap-300x186.jpg 300w\" sizes=\"auto, (max-width: 600px) 100vw, 600px\" \/><\/figure><\/div>\n<\/div><\/div>\n<\/div><\/div>","protected":false},"excerpt":{"rendered":"<p>Persoonlijke informatie Op deze pagina vind je mijn paspoortgegevens en reisgeschiedenis. Paspoort Ik ben 22 cm lang en 15cm breed.Mijn gewicht is 750 gramIk heb zwarte ogen Ik heb geen haar. Mijn Buikje is gevuld met gierst en lavendel. Daardoor ruik ik lekker en de lavendel heeft een kalmerend effect op mensen. Je kunt mij &#8230; <a title=\"Persoonsgegevens\" class=\"read-more\" href=\"https:\/\/boefbandito.com\/nl\/persoonsgegevens\/\" aria-label=\"Lees meer over Persoonsgegevens\">Lees verder<\/a><\/p>","protected":false},"author":1,"featured_media":0,"parent":0,"menu_order":0,"comment_status":"closed","ping_status":"closed","template":"","meta":{"footnotes":""},"class_list":["post-1723","page","type-page","status-publish"],"_links":{"self":[{"href":"https:\/\/boefbandito.com\/nl\/wp-json\/wp\/v2\/pages\/1723","targetHints":{"allow":["GET"]}}],"collection":[{"href":"https:\/\/boefbandito.com\/nl\/wp-json\/wp\/v2\/pages"}],"about":[{"href":"https:\/\/boefbandito.com\/nl\/wp-json\/wp\/v2\/types\/page"}],"author":[{"embeddable":true,"href":"https:\/\/boefbandito.com\/nl\/wp-json\/wp\/v2\/users\/1"}],"replies":[{"embeddable":true,"href":"https:\/\/boefbandito.com\/nl\/wp-json\/wp\/v2\/comments?post=1723"}],"version-history":[{"count":0,"href":"https:\/\/boefbandito.com\/nl\/wp-json\/wp\/v2\/pages\/1723\/revisions"}],"wp:attachment":[{"href":"https:\/\/boefbandito.com\/nl\/wp-json\/wp\/v2\/media?parent=1723"}],"curies":[{"name":"wp","href":"https:\/\/api.w.org\/{rel}","templated":true}]}}