{"id":1712,"date":"2020-12-02T14:00:09","date_gmt":"2020-12-02T13:00:09","guid":{"rendered":"https:\/\/boefbandito.com\/?page_id=1712"},"modified":"2022-12-19T13:46:21","modified_gmt":"2022-12-19T12:46:21","slug":"history","status":"publish","type":"page","link":"https:\/\/boefbandito.com\/nl\/history\/","title":{"rendered":"Historie"},"content":{"rendered":"<div class=\"gb-container gb-container-7ecfbe16\"><div class=\"gb-inside-container\">\n\n<h2 class=\"gb-headline gb-headline-d3dabfba gb-headline-text\">Historie<\/h2>\n\n\n<div class=\"wp-block-image\">\n<figure class=\"alignright size-large is-resized\"><img loading=\"lazy\" decoding=\"async\" src=\"https:\/\/boefbandito.com\/wp-content\/uploads\/2020\/02\/boef-prikkie-reading-text.jpg\" alt=\"Boefbandito-reading-hedgehog\" class=\"wp-image-1502\" width=\"251\" height=\"299\" srcset=\"https:\/\/boefbandito.com\/wp-content\/uploads\/2020\/02\/boef-prikkie-reading-text.jpg 335w, https:\/\/boefbandito.com\/wp-content\/uploads\/2020\/02\/boef-prikkie-reading-text-252x300.jpg 252w, https:\/\/boefbandito.com\/wp-content\/uploads\/2020\/02\/boef-prikkie-reading-text-300x357.jpg 300w\" sizes=\"auto, (max-width: 251px) 100vw, 251px\" \/><\/figure>\n<\/div>\n\n\n<p class=\"translation-block\">Ten tijde van Christopher Columbus, ong. 1450-1550, hadden mijn verre voorouders een baantje aan boord van een van de ontdekkingsschepen. Zoals jullie misschien wel weten is in die tijd de chocolade van Zuid-Amerika naar Europa gekomen. Mijn voorouders konden dat lekkernijtje toen al niet weerstaan en ze aten dan ook bijna alles op.<\/p>\n\n\n\n<p>Toen ze betrapt werden kregen ze een zware straf! Alle nakomelingen zouden geboren worden met een gestreept gevangenispakje aan. <\/p>\n\n\n\n<p class=\"translation-block\">Dat is de verklaring voor onze zwart witte strepen. Ook al is dit verhaal al 500 jaar geleden, BoefBandito's houden nog steeds heel veel van chocolade<\/p>\n\n\n\n<p>De liefde voor chocolade zit in onze genen.<br><\/p>\n\n<\/div><\/div>\n\n<div class=\"gb-container gb-container-2e92b77f\"><div class=\"gb-inside-container\">\n\n<h2 class=\"gb-headline gb-headline-d1954364 gb-headline-text\" id=\"personal\">Persoonlijke informatie<\/h2>\n\n\n<div class=\"gb-grid-wrapper gb-grid-wrapper-11bf3c31\">\n<div class=\"gb-grid-column gb-grid-column-0f60578b\"><div class=\"gb-container gb-container-0f60578b\"><div class=\"gb-inside-container\">\n\n<h5 class=\"gb-headline gb-headline-e98a8b72 gb-headline-text\">Paspoort<\/h5>\n\n\n<div class=\"wp-block-image\">\n<figure class=\"aligncenter size-large is-resized\"><img loading=\"lazy\" decoding=\"async\" src=\"https:\/\/boefbandito.com\/wp-content\/uploads\/2020\/02\/boefbandito-maten-nl.png\" alt=\"BoefBandito opmeten\" class=\"wp-image-1467\" width=\"243\" height=\"243\" srcset=\"https:\/\/boefbandito.com\/wp-content\/uploads\/2020\/02\/boefbandito-maten-nl.png 800w, https:\/\/boefbandito.com\/wp-content\/uploads\/2020\/02\/boefbandito-maten-nl-300x300.png 300w, https:\/\/boefbandito.com\/wp-content\/uploads\/2020\/02\/boefbandito-maten-nl-150x150.png 150w, https:\/\/boefbandito.com\/wp-content\/uploads\/2020\/02\/boefbandito-maten-nl-768x768.png 768w, https:\/\/boefbandito.com\/wp-content\/uploads\/2020\/02\/boefbandito-maten-nl-100x100.png 100w\" sizes=\"auto, (max-width: 243px) 100vw, 243px\" \/><\/figure>\n<\/div>\n\n\n<p class=\"translation-block\">Ik ben 22 cm lang en 15cm breed.\nMijn gewicht is 750 gram\nIk heb zwarte ogen \nIk heb geen haar.<\/p>\n\n\n\n<p class=\"translation-block\">Je kunt mij in de magnetron of oven opwarmen, dan ben ik een lekker warm kruikje. Ook kan ik tijdens warme zomerdagen voor verkoeling zorgen.<\/p>\n\n\n\n<p>Mensen gebruiken mij om hun kleintje warm te houden, zere spieren en\/of nek te verwarmen, en onder andere ouderen krijgen een fijn gevoel door het gezelschap dat ik ze breng.<\/p>\n\n<\/div><\/div><\/div>\n\n<div class=\"gb-grid-column gb-grid-column-9b5133f3\"><div class=\"gb-container gb-container-9b5133f3\"><div class=\"gb-inside-container\">\n\n<h5 class=\"gb-headline gb-headline-8a4a3a3f gb-headline-text\">Reiservaring<\/h5>\n\n\n<div class=\"wp-block-image\">\n<figure class=\"aligncenter size-large is-resized\"><img loading=\"lazy\" decoding=\"async\" src=\"https:\/\/boefbandito.com\/wp-content\/uploads\/2020\/02\/BoefBandito-airplane-color.png\" alt=\"\" class=\"wp-image-1446\" width=\"214\" height=\"243\" srcset=\"https:\/\/boefbandito.com\/wp-content\/uploads\/2020\/02\/BoefBandito-airplane-color.png 427w, https:\/\/boefbandito.com\/wp-content\/uploads\/2020\/02\/BoefBandito-airplane-color-264x300.png 264w, https:\/\/boefbandito.com\/wp-content\/uploads\/2020\/02\/BoefBandito-airplane-color-300x341.png 300w\" sizes=\"auto, (max-width: 214px) 100vw, 214px\" \/><\/figure>\n<\/div>\n\n\n<p><\/p>\n\n\n\n<p class=\"translation-block\">Een van mijn favoriete dingen om te doen is reizen. Zo maak je elke keer nieuwe dingen mee en ontmoet je nieuwe mensen.\n\nIn Europa heb ik de volgende landen bezocht, in alfabetische volgorde:<\/p>\n\n\n\n<p><strong><em>Belgi\u00eb, Denemarken, Duitsland, Engeland, Frankrijk, Griekenland, Itali\u00eb, Luxemburg, Monaco, Nederland, Oostenrijk, Roemeni\u00eb, Schotland, Spanje, Tsjechi\u00eb, Zweden.<br> <\/em><\/strong><br>Buiten Europa heb ik de volgende landen bezocht, in alfabetische volgorde:<\/p>\n\n\n\n<p><strong><em>Canada, Costa Rica, Kazachstan, Maleisi\u00eb, Panama en Singapore. <\/em><\/strong><\/p>\n\n\n\n<p>Laat me weten als ik jouw plaats moet bezoeken<\/p>\n\n<\/div><\/div><\/div>\n<\/div>\n<\/div><\/div>","protected":false},"excerpt":{"rendered":"<p>History My line of ancestors dates back to the 1490s and has something to do with world explorer Christopher Columbus. You know, the guy with the egg story&#8230; Back in those days my ancestors worked on board of one of the expedition vessels who went to the new world of South America. The story doesn&#8217;t &#8230; <a title=\"Historie\" class=\"read-more\" href=\"https:\/\/boefbandito.com\/nl\/history\/\" aria-label=\"Lees meer over History\">Lees verder<\/a><\/p>","protected":false},"author":1,"featured_media":0,"parent":0,"menu_order":0,"comment_status":"closed","ping_status":"closed","template":"","meta":{"footnotes":""},"class_list":["post-1712","page","type-page","status-publish"],"_links":{"self":[{"href":"https:\/\/boefbandito.com\/nl\/wp-json\/wp\/v2\/pages\/1712","targetHints":{"allow":["GET"]}}],"collection":[{"href":"https:\/\/boefbandito.com\/nl\/wp-json\/wp\/v2\/pages"}],"about":[{"href":"https:\/\/boefbandito.com\/nl\/wp-json\/wp\/v2\/types\/page"}],"author":[{"embeddable":true,"href":"https:\/\/boefbandito.com\/nl\/wp-json\/wp\/v2\/users\/1"}],"replies":[{"embeddable":true,"href":"https:\/\/boefbandito.com\/nl\/wp-json\/wp\/v2\/comments?post=1712"}],"version-history":[{"count":9,"href":"https:\/\/boefbandito.com\/nl\/wp-json\/wp\/v2\/pages\/1712\/revisions"}],"predecessor-version":[{"id":2011,"href":"https:\/\/boefbandito.com\/nl\/wp-json\/wp\/v2\/pages\/1712\/revisions\/2011"}],"wp:attachment":[{"href":"https:\/\/boefbandito.com\/nl\/wp-json\/wp\/v2\/media?parent=1712"}],"curies":[{"name":"wp","href":"https:\/\/api.w.org\/{rel}","templated":true}]}}